{"id":1213,"date":"2020-02-17T09:57:12","date_gmt":"2020-02-17T09:57:12","guid":{"rendered":"https:\/\/alarma-sin-cuotas.alarm-kit.com\/?product=dnk-black-sports-shoes"},"modified":"2025-05-22T13:14:58","modified_gmt":"2025-05-22T11:14:58","slug":"sim-alarme-sans-abonnement","status":"publish","type":"product","link":"https:\/\/alarma-sin-cuotas.alarm-kit.com\/en\/store\/sim-alarm\/sim-alarm-without-subscription\/","title":{"rendered":"SIM 4G pour Alarme Sans Abonnement"},"content":{"rendered":"<h3>Caract\u00e9ristiques de la SIM pour Alarme Sans Abonnement:<\/h3>\n<p>&nbsp;<\/p>\n<style>.grid-container { display: grid; grid-template-columns: 1fr 1fr; gap: 20px; padding: 20px; } .grid-item { background-color: #f2f2f2; padding: 20px; border: 1px solid #ddd; border-radius: 8px; box-shadow: 0 2px 5px rgba(0, 0, 0, 0.1); text-align: center; } .grid-item h3 { color: #007BFF; margin-bottom: 15px; }<\/style>\n<div class=\"grid-container\">\n<div class=\"grid-item\">\n<h3>Durable<\/h3>\n<p>P\u00e9riode d&#8217;utilisation de 10 ans (Dur\u00e9e de vie de 120 mois)<\/p><\/div>\n<div class=\"grid-item\">\n<h3>Sans Abonnement<\/h3>\n<p>Des co\u00fbts transparents et sans frais inattendus<\/p><\/div>\n<div class=\"grid-item\">\n<h3>Suffisant<\/h3>\n<p>Un volume de donn\u00e9es suffisant pour votre centrale d&#8217;Alarme en cas de coupure de courant et\/ou d&#8217;Internet.<\/p><\/div>\n<div class=\"grid-item\">\n<h3>Rapide<\/h3>\n<p>Une vitesse de transmission ajust\u00e9e jusqu&#8217;\u00e0 1 Mbit par seconde<\/p><\/div>\n<div class=\"grid-item\">\n<h3>Rechargeable<\/h3>\n<p>Recharge d&#8217;un lot de 500 MB + 250 SMS possible \u00e0 tout moment et \u00e0 un prix pr\u00e9f\u00e9rentiel de 49,99 euros H.T.<\/p><\/div>\n<div class=\"grid-item\">\n<h3>Transparence<\/h3>\n<p>Une gestion simple de votre consommation et de vos recharges via votre espace client<\/p><\/div>\n<div class=\"grid-item\">\n<h3>Efficace<\/h3>\n<p>La fonction Auto-Top-Up permet une recharge automatique d\u00e8s que 80% du quota initial a \u00e9t\u00e9 consomm\u00e9 (en option*).<\/p><\/div>\n<div class=\"grid-item\">\n<h3>Couverture Internationale<\/h3>\n<p>Couverture dans 173 pays et territoires avec une prise en charge de toutes les normes radio telles que 2G, 3G, 4G<\/p><\/div>\n<\/div>\n<h3>En savoir plus sur nos Cartes SIM pour Alarme Sans Abonnement<\/h3>\n<p>Les communications entre machines, connue sous l\u2019abr\u00e9viation M2M, utilisent l\u2019\u00e9lectronique et l\u2019informatique pour centraliser puis faire remonter toutes les informations d\u2019un syst\u00e8me et permettre d\u2019interagir avec lui. C\u2019est l\u2019association de technologies de l\u2019information et de communication.<\/p>\n<p>Les communications M2M sont pr\u00e9conis\u00e9es pour les syst\u00e8mes d\u2019alarme anti-intrusion qui transmettent des donn\u00e9es li\u00e9es \u00e0 une utilisation, une d\u00e9tection, une intrusion, une urgence ou un pilotage d\u2019\u00e9l\u00e9ments domotiques.<\/p>\n<p>Ceci est d\u2019autant plus vrai avec nos nouvelles g\u00e9n\u00e9rations de centrales d\u2019alarme intelligentes et communicantes dont les remont\u00e9es de donn\u00e9es, les alertes et le pilotage \u00e0 distance peuvent \u00eatre compromis si le forfait t\u00e9l\u00e9phonique ou la carte SIM du transmetteur ne sont pas adapt\u00e9s.<\/p>\n<h3>Pourquoi choisir une carte SIM M2M pour votre alarme ?<\/h3>\n<p>De nombreux utilisateurs optent pour des cartes SIM classiques dans leur syst\u00e8me d\u2019alarme pour recevoir des alertes en cas d\u2019intrusion ou de d\u00e9faut du syst\u00e8me. Cependant, les conditions g\u00e9n\u00e9rales de vente des op\u00e9rateurs t\u00e9l\u00e9phoniques stipulent que les cartes SIM classiques doivent \u00eatre utilis\u00e9es exclusivement dans des \u00e9quipements mobiles permettant la communication entre deux personnes.<\/p>\n<p>Par exemple, chez Free, l\u2019article 4 des obligations de l\u2019abonn\u00e9 pr\u00e9cise dans le paragraphe 4.3 que l\u2019utilisation du Service et\/ou de la SIM dans un \u00e9quipement non d\u00e9di\u00e9 aux communications interpersonnelles est strictement interdite. L\u2019article 7, concernant la suspension ou r\u00e9siliation, indique que l\u2019op\u00e9rateur peut suspendre sans indemnit\u00e9 le Service en cas de violation des obligations l\u00e9gales ou contractuelles de l\u2019abonn\u00e9.<\/p>\n<p>Les autres op\u00e9rateurs tels que RED by SFR (articles 8.5.1 et 8.5.2), B&amp;YOU de Bouygues Telecom (article 4.1) et Sosh (article 12.2) imposent \u00e9galement que les communications soient uniquement entre personnes physiques et interdisent strictement les communications re-rout\u00e9es via un bo\u00eetier radio.<\/p>\n<p>Les op\u00e9rateurs peuvent m\u00eame demander r\u00e9paration pour l&#8217;utilisation inappropri\u00e9e de leurs services, ce qui peut entra\u00eener une saturation du r\u00e9seau au d\u00e9triment des autres abonn\u00e9s. Cette <strong>utilisation abusive<\/strong> peut \u00e9galement faire l&#8217;objet de <strong>sanctions p\u00e9nales et d\u2019amendes<\/strong>. Le risque majeur reste la suspension de la ligne, ce qui entra\u00eenerait un d\u00e9faut de transmission en cas d&#8217;intrusion ou de cambriolage.<\/p>\n<p>Un tel risque est inconcevable pour une alarme qui doit pouvoir \u00e9mettre et transmettre en toutes circonstances des alertes d&#8217;intrusion, de d\u00e9tection, d&#8217;activation, de d\u00e9clenchement ou encore des alertes techniques (batterie faible, ouverture d\u2019un d\u00e9tecteur, coupure de courant, rupture de ligne t\u00e9l\u00e9phonique, etc.).<\/p>\n<p>L&#8217;efficacit\u00e9 de votre syst\u00e8me d\u2019alarme, qu&#8217;il soit associ\u00e9 \u00e0 un service de t\u00e9l\u00e9surveillance (Securitas, EPS, Verisure, etc.) ou en auto-surveillance, repose sur l&#8217;utilisation d&#8217;une carte SIM d\u00e9di\u00e9e aux communications \u00ab Machine To Machine \u00bb (M2M).<\/p>\n<p>En r\u00e9sum\u00e9, les forfaits t\u00e9l\u00e9phoniques classiques, bien que souvent \u00e9conomiques, ne sont pas adapt\u00e9s et peuvent compromettre la s\u00e9curit\u00e9 de votre syst\u00e8me d\u2019alarme. Il est essentiel d&#8217;utiliser une carte M2M obtenue aupr\u00e8s d\u2019un revendeur agr\u00e9\u00e9 tel que l&#8217;entreprise Alarm Kit avec ou sans forfait d\u00e9di\u00e9 aux communications M2M.<\/p>\n<p>C\u2019est pourquoi, afin de garantir les meilleures solutions \u00e0 ses clients, Alarm Kit recommande la SIM M2M pour \u00e9quiper leurs centrales d&#8217;alarme 4G. Assurez la fiabilit\u00e9 et la s\u00e9curit\u00e9 de votre syst\u00e8me d\u2019alarme avec une carte M2M adapt\u00e9e.<\/p>","protected":false},"excerpt":{"rendered":"<div class=\"container-elementor-after-page-top\">\n<div class=\"top-header-banner-image-cms-page\">\n<div class=\"page-title-wrapper\">\n<h4 class=\"page-title\"><span class=\"base\" data-ui-id=\"page-title-wrapper\">Carte SIM Alarme Sans Abonnement<\/span><\/h4>\n<\/div>\n<\/div>\n<\/div>\n<div class=\"columns\">\n<div class=\"column main\">\n<div data-content-type=\"row\" data-appearance=\"contained\" data-element=\"main\">\n<div data-enable-parallax=\"0\" data-parallax-speed=\"0.5\" data-background-images=\"{}\" data-background-type=\"image\" data-video-loop=\"true\" data-video-play-only-visible=\"true\" data-video-lazy-load=\"true\" data-video-fallback-src=\"\" data-element=\"inner\" data-pb-style=\"K9WY18D\">\n<div class=\"pagebuilder-column-group\" data-background-images=\"{}\" data-content-type=\"column-group\" data-appearance=\"default\" data-grid-size=\"12\" data-element=\"main\" data-pb-style=\"VDL6PLT\">\n<div class=\"pagebuilder-column-line\" data-content-type=\"column-line\" data-element=\"main\" data-pb-style=\"VM81KXJ\">\n<div class=\"pagebuilder-column\" data-content-type=\"column\" data-appearance=\"full-height\" data-background-images=\"{}\" data-element=\"main\" data-pb-style=\"KMAV3SW\">\n<div data-content-type=\"text\" data-appearance=\"default\" data-element=\"main\">\n<p>Avec notre<strong> SIM Alarme Sans Abonnement<\/strong>, nous n&#8217;avons qu&#8217;un seul objectif : Rendre votre protection aussi simple et abordable que possible! Avec l&#8217;offre limit\u00e9e <strong>Sans Abonnement 250 SMS + 250 Mb 4G M2M<\/strong>, nous vous proposons un paiement unique de <strong>49,99 euros pour 10 ans (dur\u00e9e de vie de 120 mois).<\/strong><\/p>\n<\/div>\n<\/div>\n<\/div>\n<\/div>\n<\/div>\n<\/div>\n<\/div>\n<\/div>","protected":false},"featured_media":2798,"template":"","meta":{"_uag_custom_page_level_css":"","site-sidebar-layout":"default","site-content-layout":"default","ast-site-content-layout":"default","site-content-style":"default","site-sidebar-style":"default","ast-global-header-display":"","ast-banner-title-visibility":"","ast-main-header-display":"","ast-hfb-above-header-display":"","ast-hfb-below-header-display":"","ast-hfb-mobile-header-display":"","site-post-title":"","ast-breadcrumbs-content":"","ast-featured-img":"","footer-sml-layout":"","theme-transparent-header-meta":"default","adv-header-id-meta":"","stick-header-meta":"default","header-above-stick-meta":"","header-main-stick-meta":"","header-below-stick-meta":"","astra-migrate-meta-layouts":"set","ast-page-background-enabled":"default","ast-page-background-meta":{"desktop":{"background-color":"","background-image":"","background-repeat":"repeat","background-position":"center center","background-size":"auto","background-attachment":"scroll","background-type":"","background-media":"","overlay-type":"","overlay-color":"","overlay-opacity":"","overlay-gradient":""},"tablet":{"background-color":"","background-image":"","background-repeat":"repeat","background-position":"center center","background-size":"auto","background-attachment":"scroll","background-type":"","background-media":"","overlay-type":"","overlay-color":"","overlay-opacity":"","overlay-gradient":""},"mobile":{"background-color":"","background-image":"","background-repeat":"repeat","background-position":"center center","background-size":"auto","background-attachment":"scroll","background-type":"","background-media":"","overlay-type":"","overlay-color":"","overlay-opacity":"","overlay-gradient":""}},"ast-content-background-meta":{"desktop":{"background-color":"var(--ast-global-color-5)","background-image":"","background-repeat":"repeat","background-position":"center center","background-size":"auto","background-attachment":"scroll","background-type":"","background-media":"","overlay-type":"","overlay-color":"","overlay-opacity":"","overlay-gradient":""},"tablet":{"background-color":"var(--ast-global-color-5)","background-image":"","background-repeat":"repeat","background-position":"center center","background-size":"auto","background-attachment":"scroll","background-type":"","background-media":"","overlay-type":"","overlay-color":"","overlay-opacity":"","overlay-gradient":""},"mobile":{"background-color":"var(--ast-global-color-5)","background-image":"","background-repeat":"repeat","background-position":"center center","background-size":"auto","background-attachment":"scroll","background-type":"","background-media":"","overlay-type":"","overlay-color":"","overlay-opacity":"","overlay-gradient":""}}},"product_brand":[],"product_cat":[44],"product_tag":[],"class_list":{"0":"post-1213","1":"product","2":"type-product","3":"status-publish","4":"has-post-thumbnail","6":"product_cat-sim-alarme","7":"desktop-align-left","8":"tablet-align-left","9":"mobile-align-left","10":"ast-product-gallery-layout-vertical-slider","11":"ast-product-gallery-with-no-image","12":"ast-product-tabs-layout-horizontal","13":"ast-qv-on-image","15":"first","16":"instock","17":"sale","18":"sold-individually","19":"taxable","20":"shipping-taxable","21":"purchasable","22":"product-type-simple"},"aioseo_notices":[],"uagb_featured_image_src":{"full":["https:\/\/alarma-sin-cuotas.alarm-kit.com\/wp-content\/uploads\/2024\/05\/carte-SIM-m2m-pour-ALARME-connectee.png",1920,1100,false],"thumbnail":["https:\/\/alarma-sin-cuotas.alarm-kit.com\/wp-content\/uploads\/2024\/05\/carte-SIM-m2m-pour-ALARME-connectee-150x150.png",150,150,true],"medium":["https:\/\/alarma-sin-cuotas.alarm-kit.com\/wp-content\/uploads\/2024\/05\/carte-SIM-m2m-pour-ALARME-connectee-300x172.png",300,172,true],"medium_large":["https:\/\/alarma-sin-cuotas.alarm-kit.com\/wp-content\/uploads\/2024\/05\/carte-SIM-m2m-pour-ALARME-connectee-768x440.png",768,440,true],"large":["https:\/\/alarma-sin-cuotas.alarm-kit.com\/wp-content\/uploads\/2024\/05\/carte-SIM-m2m-pour-ALARME-connectee-1024x587.png",1024,587,true],"1536x1536":["https:\/\/alarma-sin-cuotas.alarm-kit.com\/wp-content\/uploads\/2024\/05\/carte-SIM-m2m-pour-ALARME-connectee-1536x880.png",1536,880,true],"2048x2048":["https:\/\/alarma-sin-cuotas.alarm-kit.com\/wp-content\/uploads\/2024\/05\/carte-SIM-m2m-pour-ALARME-connectee.png",1920,1100,false],"trp-custom-language-flag":["https:\/\/alarma-sin-cuotas.alarm-kit.com\/wp-content\/uploads\/2024\/05\/carte-SIM-m2m-pour-ALARME-connectee-18x10.png",18,10,true],"woocommerce_thumbnail":["https:\/\/alarma-sin-cuotas.alarm-kit.com\/wp-content\/uploads\/2024\/05\/carte-SIM-m2m-pour-ALARME-connectee-300x300.png",300,300,true],"woocommerce_single":["https:\/\/alarma-sin-cuotas.alarm-kit.com\/wp-content\/uploads\/2024\/05\/carte-SIM-m2m-pour-ALARME-connectee-600x344.png",600,344,true],"woocommerce_gallery_thumbnail":["https:\/\/alarma-sin-cuotas.alarm-kit.com\/wp-content\/uploads\/2024\/05\/carte-SIM-m2m-pour-ALARME-connectee-100x100.png",100,100,true]},"uagb_author_info":{"display_name":"alarma-sin-cuotas.alarm-kit.com","author_link":"https:\/\/alarma-sin-cuotas.alarm-kit.com\/en\/author\/"},"uagb_comment_info":0,"uagb_excerpt":"Carte SIM Alarme Sans Abonnement Avec notre SIM Alarme Sans Abonnement, nous n'avons qu'un seul objectif : Rendre votre protection aussi simple et abordable que possible! Avec l'offre limit\u00e9e Sans Abonnement 250 SMS + 250 Mb 4G M2M, nous vous proposons un paiement unique de 49,99 euros pour 10 ans (dur\u00e9e de vie de 120&hellip;","jetpack_sharing_enabled":true,"_links":{"self":[{"href":"https:\/\/alarma-sin-cuotas.alarm-kit.com\/en\/wp-json\/wp\/v2\/product\/1213","targetHints":{"allow":["GET"]}}],"collection":[{"href":"https:\/\/alarma-sin-cuotas.alarm-kit.com\/en\/wp-json\/wp\/v2\/product"}],"about":[{"href":"https:\/\/alarma-sin-cuotas.alarm-kit.com\/en\/wp-json\/wp\/v2\/types\/product"}],"wp:featuredmedia":[{"embeddable":true,"href":"https:\/\/alarma-sin-cuotas.alarm-kit.com\/en\/wp-json\/wp\/v2\/media\/2798"}],"wp:attachment":[{"href":"https:\/\/alarma-sin-cuotas.alarm-kit.com\/en\/wp-json\/wp\/v2\/media?parent=1213"}],"wp:term":[{"taxonomy":"product_brand","embeddable":true,"href":"https:\/\/alarma-sin-cuotas.alarm-kit.com\/en\/wp-json\/wp\/v2\/product_brand?post=1213"},{"taxonomy":"product_cat","embeddable":true,"href":"https:\/\/alarma-sin-cuotas.alarm-kit.com\/en\/wp-json\/wp\/v2\/product_cat?post=1213"},{"taxonomy":"product_tag","embeddable":true,"href":"https:\/\/alarma-sin-cuotas.alarm-kit.com\/en\/wp-json\/wp\/v2\/product_tag?post=1213"}],"curies":[{"name":"wp","href":"https:\/\/api.w.org\/{rel}","templated":true}]}}