{"id":1212,"date":"2020-02-17T09:57:11","date_gmt":"2020-02-17T09:57:11","guid":{"rendered":"https:\/\/alarma-sin-cuotas.alarm-kit.com\/?product=dnk-blue-sport-shoes-2"},"modified":"2024-11-14T13:09:02","modified_gmt":"2024-11-14T12:09:02","slug":"camera-interieure","status":"publish","type":"product","link":"https:\/\/alarma-sin-cuotas.alarm-kit.com\/en_au\/store\/camera\/indoor-camera\/","title":{"rendered":"Cam\u00e9ra d&#8217;int\u00e9rieur intelligente avec suivi de mouvement"},"content":{"rendered":"<h2 class=\"h2\"><span class=\"text-gradient\">Votre partenaire de confiance pour la s\u00e9curit\u00e9 \u00e0 domicile<\/span><\/h2>\n<p><img loading=\"lazy\" decoding=\"async\" class=\"wp-image-3134 size-full aligncenter\" style=\"font-weight: inherit;\" src=\"https:\/\/alarma-sin-cuotas.alarm-kit.com\/wp-content\/uploads\/2020\/02\/C21_Indoor_Security_Monitoring_Baby_Camera_2.5k_banner.png\" alt=\"\" width=\"1600\" height=\"608\" srcset=\"https:\/\/alarma-sin-cuotas.alarm-kit.com\/wp-content\/uploads\/2020\/02\/C21_Indoor_Security_Monitoring_Baby_Camera_2.5k_banner.png 1600w, https:\/\/alarma-sin-cuotas.alarm-kit.com\/wp-content\/uploads\/2020\/02\/C21_Indoor_Security_Monitoring_Baby_Camera_2.5k_banner-300x114.png 300w, https:\/\/alarma-sin-cuotas.alarm-kit.com\/wp-content\/uploads\/2020\/02\/C21_Indoor_Security_Monitoring_Baby_Camera_2.5k_banner-1024x389.png 1024w, https:\/\/alarma-sin-cuotas.alarm-kit.com\/wp-content\/uploads\/2020\/02\/C21_Indoor_Security_Monitoring_Baby_Camera_2.5k_banner-768x292.png 768w, https:\/\/alarma-sin-cuotas.alarm-kit.com\/wp-content\/uploads\/2020\/02\/C21_Indoor_Security_Monitoring_Baby_Camera_2.5k_banner-1536x584.png 1536w, https:\/\/alarma-sin-cuotas.alarm-kit.com\/wp-content\/uploads\/2020\/02\/C21_Indoor_Security_Monitoring_Baby_Camera_2.5k_banner-18x7.png 18w, https:\/\/alarma-sin-cuotas.alarm-kit.com\/wp-content\/uploads\/2020\/02\/C21_Indoor_Security_Monitoring_Baby_Camera_2.5k_banner-600x228.png 600w\" sizes=\"auto, (max-width: 1600px) 100vw, 1600px\" \/><\/p>\n<p>La cam\u00e9ra de surveillance intelligente C21 offre une solution de surveillance haut de gamme pour votre maison. Avec son image ultra claire en r\u00e9solution 2,5K et sa vision nocturne \u00e9toil\u00e9e, cette cam\u00e9ra assure une excellente visibilit\u00e9, m\u00eame dans des conditions de faible luminosit\u00e9. L&#8217;objectif \u00e0 grande ouverture F2.0 garantit des images nettes et d\u00e9taill\u00e9es. Le contr\u00f4le s&#8217;effectue sans effort gr\u00e2ce \u00e0 l&#8217;application domestique IMILAB, vous permettant de surveiller facilement tout ce qui se trouve sur votre t\u00e9l\u00e9phone. Dot\u00e9e de fonctions de d\u00e9tection et de suivi des personnes, de croisi\u00e8re automatique \u00e0 360\u00b0, d&#8217;appel bidirectionnel en temps r\u00e9el, de d\u00e9tection du son et de nombreuses options de stockage, notamment le stockage dans le cloud et sur carte SD locale. S\u00e9curisez votre maison en toute confiance en utilisant la C21 d\u00e8s aujourd&#8217;hui.<\/p>\n<!--[if lt IE 9]><script>document.createElement('video');<\/script><![endif]-->\n\t<div class=\"wp-playlist wp-video-playlist wp-playlist-light\">\n\t\t<video controls=\"controls\" preload=\"none\" width=\"640\"\n\t\t height=\"491\"\t><\/video>\n\t<div class=\"wp-playlist-next\"><\/div>\n\t<div class=\"wp-playlist-prev\"><\/div>\n\t<noscript>\n\t<ol>\n\t\t<li><a href='https:\/\/alarma-sin-cuotas.alarm-kit.com\/wp-content\/uploads\/2020\/02\/camera-HD-1080p-2.5Mbps-alarm-kit.mp4'>camera-HD-1080p-2.5Mbps-alarm-kit<\/a><\/li>\t<\/ol>\n\t<\/noscript>\n\t<script type=\"application\/json\" class=\"wp-playlist-script\">{\"type\":\"video\",\"tracklist\":true,\"tracknumbers\":true,\"images\":true,\"artists\":true,\"tracks\":[{\"src\":\"https:\\\/\\\/alarma-sin-cuotas.alarm-kit.com\\\/wp-content\\\/uploads\\\/2020\\\/02\\\/camera-HD-1080p-2.5Mbps-alarm-kit.mp4\",\"type\":\"video\\\/mp4\",\"title\":\"camera-HD-1080p-2.5Mbps-alarm-kit\",\"caption\":\"\",\"description\":\"\",\"meta\":{\"length_formatted\":\"0:07\"},\"dimensions\":{\"original\":{\"width\":1408,\"height\":1080},\"resized\":{\"width\":640,\"height\":491}},\"image\":{\"src\":\"https:\\\/\\\/alarma-sin-cuotas.alarm-kit.com\\\/wp-includes\\\/images\\\/media\\\/video.svg\",\"width\":48,\"height\":64},\"thumb\":{\"src\":\"https:\\\/\\\/alarma-sin-cuotas.alarm-kit.com\\\/wp-includes\\\/images\\\/media\\\/video.svg\",\"width\":48,\"height\":64}}]}<\/script>\n<\/div>","protected":false},"excerpt":{"rendered":"<p>\u00ab Excellente qualit\u00e9 d&#8217;image, taille compacte et fonctionnalit\u00e9 de communication bidirectionnelle transparente. Tr\u00e8s satisfait ! \u00bb<\/p>","protected":false},"featured_media":3359,"template":"","meta":{"_uag_custom_page_level_css":"","site-sidebar-layout":"default","site-content-layout":"default","ast-site-content-layout":"default","site-content-style":"default","site-sidebar-style":"default","ast-global-header-display":"","ast-banner-title-visibility":"","ast-main-header-display":"","ast-hfb-above-header-display":"","ast-hfb-below-header-display":"","ast-hfb-mobile-header-display":"","site-post-title":"","ast-breadcrumbs-content":"","ast-featured-img":"","footer-sml-layout":"","theme-transparent-header-meta":"default","adv-header-id-meta":"","stick-header-meta":"default","header-above-stick-meta":"","header-main-stick-meta":"","header-below-stick-meta":"","astra-migrate-meta-layouts":"set","ast-page-background-enabled":"default","ast-page-background-meta":{"desktop":{"background-color":"","background-image":"","background-repeat":"repeat","background-position":"center center","background-size":"auto","background-attachment":"scroll","background-type":"","background-media":"","overlay-type":"","overlay-color":"","overlay-opacity":"","overlay-gradient":""},"tablet":{"background-color":"","background-image":"","background-repeat":"repeat","background-position":"center center","background-size":"auto","background-attachment":"scroll","background-type":"","background-media":"","overlay-type":"","overlay-color":"","overlay-opacity":"","overlay-gradient":""},"mobile":{"background-color":"","background-image":"","background-repeat":"repeat","background-position":"center center","background-size":"auto","background-attachment":"scroll","background-type":"","background-media":"","overlay-type":"","overlay-color":"","overlay-opacity":"","overlay-gradient":""}},"ast-content-background-meta":{"desktop":{"background-color":"var(--ast-global-color-5)","background-image":"","background-repeat":"repeat","background-position":"center center","background-size":"auto","background-attachment":"scroll","background-type":"","background-media":"","overlay-type":"","overlay-color":"","overlay-opacity":"","overlay-gradient":""},"tablet":{"background-color":"var(--ast-global-color-5)","background-image":"","background-repeat":"repeat","background-position":"center center","background-size":"auto","background-attachment":"scroll","background-type":"","background-media":"","overlay-type":"","overlay-color":"","overlay-opacity":"","overlay-gradient":""},"mobile":{"background-color":"var(--ast-global-color-5)","background-image":"","background-repeat":"repeat","background-position":"center center","background-size":"auto","background-attachment":"scroll","background-type":"","background-media":"","overlay-type":"","overlay-color":"","overlay-opacity":"","overlay-gradient":""}}},"product_brand":[],"product_cat":[35,40],"product_tag":[],"class_list":{"0":"post-1212","1":"product","2":"type-product","3":"status-publish","4":"has-post-thumbnail","6":"product_cat-camera","7":"product_cat-telesurveillance","8":"desktop-align-left","9":"tablet-align-left","10":"mobile-align-left","11":"ast-product-gallery-layout-vertical-slider","12":"ast-product-tabs-layout-horizontal","13":"ast-qv-on-image","15":"first","16":"instock","17":"taxable","18":"shipping-taxable","19":"purchasable","20":"product-type-simple"},"aioseo_notices":[],"uagb_featured_image_src":{"full":["https:\/\/alarma-sin-cuotas.alarm-kit.com\/wp-content\/uploads\/2020\/02\/C21IndoorSecurityMonitoringBabyCamera.png",2000,2000,false],"thumbnail":["https:\/\/alarma-sin-cuotas.alarm-kit.com\/wp-content\/uploads\/2020\/02\/C21IndoorSecurityMonitoringBabyCamera-150x150.png",150,150,true],"medium":["https:\/\/alarma-sin-cuotas.alarm-kit.com\/wp-content\/uploads\/2020\/02\/C21IndoorSecurityMonitoringBabyCamera-300x300.png",300,300,true],"medium_large":["https:\/\/alarma-sin-cuotas.alarm-kit.com\/wp-content\/uploads\/2020\/02\/C21IndoorSecurityMonitoringBabyCamera-768x768.png",768,768,true],"large":["https:\/\/alarma-sin-cuotas.alarm-kit.com\/wp-content\/uploads\/2020\/02\/C21IndoorSecurityMonitoringBabyCamera-1024x1024.png",1024,1024,true],"1536x1536":["https:\/\/alarma-sin-cuotas.alarm-kit.com\/wp-content\/uploads\/2020\/02\/C21IndoorSecurityMonitoringBabyCamera-1536x1536.png",1536,1536,true],"2048x2048":["https:\/\/alarma-sin-cuotas.alarm-kit.com\/wp-content\/uploads\/2020\/02\/C21IndoorSecurityMonitoringBabyCamera.png",2000,2000,false],"trp-custom-language-flag":["https:\/\/alarma-sin-cuotas.alarm-kit.com\/wp-content\/uploads\/2020\/02\/C21IndoorSecurityMonitoringBabyCamera-12x12.png",12,12,true],"woocommerce_thumbnail":["https:\/\/alarma-sin-cuotas.alarm-kit.com\/wp-content\/uploads\/2020\/02\/C21IndoorSecurityMonitoringBabyCamera-300x300.png",300,300,true],"woocommerce_single":["https:\/\/alarma-sin-cuotas.alarm-kit.com\/wp-content\/uploads\/2020\/02\/C21IndoorSecurityMonitoringBabyCamera-600x600.png",600,600,true],"woocommerce_gallery_thumbnail":["https:\/\/alarma-sin-cuotas.alarm-kit.com\/wp-content\/uploads\/2020\/02\/C21IndoorSecurityMonitoringBabyCamera-100x100.png",100,100,true]},"uagb_author_info":{"display_name":"alarma-sin-cuotas.alarm-kit.com","author_link":"https:\/\/alarma-sin-cuotas.alarm-kit.com\/en_au\/author\/"},"uagb_comment_info":0,"uagb_excerpt":"\u00ab Excellente qualit\u00e9 d'image, taille compacte et fonctionnalit\u00e9 de communication bidirectionnelle transparente. Tr\u00e8s satisfait ! \u00bb","jetpack_sharing_enabled":true,"_links":{"self":[{"href":"https:\/\/alarma-sin-cuotas.alarm-kit.com\/en_au\/wp-json\/wp\/v2\/product\/1212","targetHints":{"allow":["GET"]}}],"collection":[{"href":"https:\/\/alarma-sin-cuotas.alarm-kit.com\/en_au\/wp-json\/wp\/v2\/product"}],"about":[{"href":"https:\/\/alarma-sin-cuotas.alarm-kit.com\/en_au\/wp-json\/wp\/v2\/types\/product"}],"wp:featuredmedia":[{"embeddable":true,"href":"https:\/\/alarma-sin-cuotas.alarm-kit.com\/en_au\/wp-json\/wp\/v2\/media\/3359"}],"wp:attachment":[{"href":"https:\/\/alarma-sin-cuotas.alarm-kit.com\/en_au\/wp-json\/wp\/v2\/media?parent=1212"}],"wp:term":[{"taxonomy":"product_brand","embeddable":true,"href":"https:\/\/alarma-sin-cuotas.alarm-kit.com\/en_au\/wp-json\/wp\/v2\/product_brand?post=1212"},{"taxonomy":"product_cat","embeddable":true,"href":"https:\/\/alarma-sin-cuotas.alarm-kit.com\/en_au\/wp-json\/wp\/v2\/product_cat?post=1212"},{"taxonomy":"product_tag","embeddable":true,"href":"https:\/\/alarma-sin-cuotas.alarm-kit.com\/en_au\/wp-json\/wp\/v2\/product_tag?post=1212"}],"curies":[{"name":"wp","href":"https:\/\/api.w.org\/{rel}","templated":true}]}}