{"id":3360,"date":"2024-11-14T13:09:32","date_gmt":"2024-11-14T12:09:32","guid":{"rendered":"https:\/\/alarma-sin-cuotas.alarm-kit.com\/?post_type=product&#038;p=3360"},"modified":"2024-12-02T12:11:23","modified_gmt":"2024-12-02T11:11:23","slug":"camera-exterieure-avec-suivi-de-mouvement","status":"publish","type":"product","link":"https:\/\/alarma-sin-cuotas.alarm-kit.com\/es\/store\/camara\/camara-de-interior-2\/","title":{"rendered":"Cam\u00e9ra de S\u00e9curit\u00e9 Intelligente Pro 2K : Votre Surveillance de Pointe avec suivi de mouvement"},"content":{"rendered":"<h2 class=\"h2\"><span class=\"text-gradient\">Votre partenaire de confiance pour la s\u00e9curit\u00e9 \u00e0 l&#8217;ext\u00e9rieur de votre domicile et entreprise<\/span><\/h2>\n<p>La cam\u00e9ra de s\u00e9curit\u00e9 Pro 2K assure une protection maximale gr\u00e2ce \u00e0 sa r\u00e9solution ultra-claire de 2K, capturant les moindres d\u00e9tails pour que vous n&#8217;ayez jamais \u00e0 douter de la s\u00e9curit\u00e9 de votre espace. Que ce soit pour votre maison ou votre entreprise, chaque mouvement est captur\u00e9 avec une pr\u00e9cision impressionnante, permettant une identification ais\u00e9e et rapide des objets et personnes. Avec cette cam\u00e9ra, b\u00e9n\u00e9ficiez d&#8217;une vue panoramique claire et nette, id\u00e9ale pour les zones sensibles, de jour comme de nuit. N&#8217;ayez plus peur de manquer un instant important \u2013 la cam\u00e9ra Pro 2K est con\u00e7ue pour vous offrir une tranquillit\u00e9 d&#8217;esprit totale.<\/p>\n<p><img loading=\"lazy\" decoding=\"async\" class=\"aligncenter wp-image-3361 size-full\" src=\"https:\/\/alarma-sin-cuotas.alarm-kit.com\/wp-content\/uploads\/2024\/11\/Pro_Outdoor_Security_Camera_2K_Resolution.png\" alt=\"\" width=\"1800\" height=\"684\" srcset=\"https:\/\/alarma-sin-cuotas.alarm-kit.com\/wp-content\/uploads\/2024\/11\/Pro_Outdoor_Security_Camera_2K_Resolution.png 1800w, https:\/\/alarma-sin-cuotas.alarm-kit.com\/wp-content\/uploads\/2024\/11\/Pro_Outdoor_Security_Camera_2K_Resolution-300x114.png 300w, https:\/\/alarma-sin-cuotas.alarm-kit.com\/wp-content\/uploads\/2024\/11\/Pro_Outdoor_Security_Camera_2K_Resolution-1024x389.png 1024w, https:\/\/alarma-sin-cuotas.alarm-kit.com\/wp-content\/uploads\/2024\/11\/Pro_Outdoor_Security_Camera_2K_Resolution-768x292.png 768w, https:\/\/alarma-sin-cuotas.alarm-kit.com\/wp-content\/uploads\/2024\/11\/Pro_Outdoor_Security_Camera_2K_Resolution-1536x584.png 1536w, https:\/\/alarma-sin-cuotas.alarm-kit.com\/wp-content\/uploads\/2024\/11\/Pro_Outdoor_Security_Camera_2K_Resolution-18x7.png 18w, https:\/\/alarma-sin-cuotas.alarm-kit.com\/wp-content\/uploads\/2024\/11\/Pro_Outdoor_Security_Camera_2K_Resolution-600x228.png 600w\" sizes=\"auto, (max-width: 1800px) 100vw, 1800px\" \/><\/p>\n<h4>D\u00e9tection Intelligente et Alertes Instantan\u00e9es : Ne Ratez Jamais une Alarme<\/h4>\n<p>\u00c9quip\u00e9e d&#8217;une technologie de d\u00e9tection intelligente, la cam\u00e9ra Pro 2K reconna\u00eet instantan\u00e9ment les mouvements suspects et les visages. Elle vous envoie des alertes directement sur votre t\u00e9l\u00e9phone, vous tenant inform\u00e9 en temps r\u00e9el de chaque activit\u00e9. Parfaitement int\u00e9gr\u00e9e \u00e0 votre r\u00e9seau, elle dispose de capteurs avanc\u00e9s qui minimisent les fausses alarmes, vous \u00e9vitant des notifications inutiles. R\u00e9agissez rapidement et en toute confiance, sachant que vous \u00eates connect\u00e9 \u00e0 chaque instant, o\u00f9 que vous soyez, gr\u00e2ce \u00e0 des alertes instantan\u00e9es sur votre appareil mobile.<\/p>\n<!--[if lt IE 9]><script>document.createElement('video');<\/script><![endif]-->\n\t<div class=\"wp-playlist wp-video-playlist wp-playlist-light\">\n\t\t<video controls=\"controls\" preload=\"none\" width=\"640\"\n\t\t height=\"360\"\t><\/video>\n\t<div class=\"wp-playlist-next\"><\/div>\n\t<div class=\"wp-playlist-prev\"><\/div>\n\t<noscript>\n\t<ol>\n\t\t<li><a href='https:\/\/alarma-sin-cuotas.alarm-kit.com\/wp-content\/uploads\/2024\/11\/video-imlab-outdoor-camera-2k-human-detection.mp4'>video-imlab-outdoor-camera-2k-human-detection<\/a><\/li>\t<\/ol>\n\t<\/noscript>\n\t<script type=\"application\/json\" class=\"wp-playlist-script\">{\"type\":\"video\",\"tracklist\":true,\"tracknumbers\":true,\"images\":true,\"artists\":true,\"tracks\":[{\"src\":\"https:\\\/\\\/alarma-sin-cuotas.alarm-kit.com\\\/wp-content\\\/uploads\\\/2024\\\/11\\\/video-imlab-outdoor-camera-2k-human-detection.mp4\",\"type\":\"video\\\/mp4\",\"title\":\"video-imlab-outdoor-camera-2k-human-detection\",\"caption\":\"\",\"description\":\"\",\"meta\":{\"length_formatted\":\"0:02\"},\"dimensions\":{\"original\":{\"width\":1920,\"height\":1080},\"resized\":{\"width\":640,\"height\":360}},\"image\":{\"src\":\"https:\\\/\\\/alarma-sin-cuotas.alarm-kit.com\\\/wp-includes\\\/images\\\/media\\\/video.svg\",\"width\":48,\"height\":64},\"thumb\":{\"src\":\"https:\\\/\\\/alarma-sin-cuotas.alarm-kit.com\\\/wp-includes\\\/images\\\/media\\\/video.svg\",\"width\":48,\"height\":64}}]}<\/script>\n<\/div>\n\t\n<h4>R\u00e9sistance Tous-Temps et Vision Nocturne : Protection Continue, Peu Importent les Conditions<\/h4>\n<p>Con\u00e7ue pour r\u00e9sister aux intemp\u00e9ries, la EC3 Pro 2K fonctionne parfaitement m\u00eame dans les conditions m\u00e9t\u00e9orologiques extr\u00eames, assurant une surveillance continue 24h\/24, 7j\/7. Sa vision nocturne avanc\u00e9e vous garantit des images claires, m\u00eame dans l\u2019obscurit\u00e9 totale. Prot\u00e9gez votre domicile ou votre bureau toute l\u2019ann\u00e9e gr\u00e2ce \u00e0 cette cam\u00e9ra durable, qui garde un \u0153il vigilant quelles que soient les conditions climatiques. Avec l&#8217;EC3 Pro 2K, vous pouvez dormir sur vos deux oreilles, sachant que votre s\u00e9curit\u00e9 est assur\u00e9e en permanence.<\/p>\n<div class=\"wp-playlist wp-video-playlist wp-playlist-light\">\n\t\t<video controls=\"controls\" preload=\"none\" width=\"640\"\n\t\t height=\"491\"\t><\/video>\n\t<div class=\"wp-playlist-next\"><\/div>\n\t<div class=\"wp-playlist-prev\"><\/div>\n\t<noscript>\n\t<ol>\n\t\t<li><a href='https:\/\/alarma-sin-cuotas.alarm-kit.com\/wp-content\/uploads\/2024\/11\/video-imlab-outdoor-camera-2k.mp4'>video-imlab-outdoor-camera-2k<\/a><\/li>\t<\/ol>\n\t<\/noscript>\n\t<script type=\"application\/json\" class=\"wp-playlist-script\">{\"type\":\"video\",\"tracklist\":true,\"tracknumbers\":true,\"images\":true,\"artists\":true,\"tracks\":[{\"src\":\"https:\\\/\\\/alarma-sin-cuotas.alarm-kit.com\\\/wp-content\\\/uploads\\\/2024\\\/11\\\/video-imlab-outdoor-camera-2k.mp4\",\"type\":\"video\\\/mp4\",\"title\":\"video-imlab-outdoor-camera-2k\",\"caption\":\"\",\"description\":\"\",\"meta\":{\"length_formatted\":\"0:07\"},\"dimensions\":{\"original\":{\"width\":1408,\"height\":1080},\"resized\":{\"width\":640,\"height\":491}},\"image\":{\"src\":\"https:\\\/\\\/alarma-sin-cuotas.alarm-kit.com\\\/wp-includes\\\/images\\\/media\\\/video.svg\",\"width\":48,\"height\":64},\"thumb\":{\"src\":\"https:\\\/\\\/alarma-sin-cuotas.alarm-kit.com\\\/wp-includes\\\/images\\\/media\\\/video.svg\",\"width\":48,\"height\":64}}]}<\/script>\n<\/div>\n\t\n<h3>Caract\u00e9ristiques de la Cam\u00e9ra de S\u00e9curit\u00e9 EC3 Pro 2K<\/h3>\n<ul>\n<li><strong>Dimensions<\/strong> : 224 x 112 x 114 mm \/ 8,8&#8243; x 4,4&#8243; x 4,5&#8243;<\/li>\n<li><strong>R\u00e9solution Vid\u00e9o<\/strong> : 2304 x 1296 (3,0 m\u00e9gapixels)<\/li>\n<li><strong>Alimentation<\/strong> : Filaire 12V1A \/ Sortie 100-240V-50\/60Hz 0.4A Max<\/li>\n<li><strong>Connexion Wi-Fi<\/strong> : Wi-Fi IEEE 802.11 b\/g\/n 2,4 GHz<\/li>\n<li><strong>Distance IR<\/strong> : 30 m \/ 98 ft<\/li>\n<li><strong>Reconnaissance d&#8217;Objets<\/strong> : Bas\u00e9e sur l\u2019IA<\/li>\n<li><strong>Vision Nocturne<\/strong> : 10 LEDs infrarouges de 940 nm<\/li>\n<li><strong>Extension de M\u00e9moire<\/strong> : Carte Micro SD jusqu&#8217;\u00e0 256 Go<\/li>\n<li><strong>Objectif<\/strong> : 3 m\u00e9gapixels avec un angle de vue large de 110\u00b0<\/li>\n<li><strong>Audio<\/strong> : Microphone int\u00e9gr\u00e9 et haut-parleur bidirectionnel<\/li>\n<li><strong>Sir\u00e8ne<\/strong> : Sir\u00e8ne de 100 dB avec fonction flash<\/li>\n<li><strong>Champ de Vision<\/strong> : 270\u00b0 horizontal \/ 48\u00b0 vertical<\/li>\n<li><strong>\u00c9tanch\u00e9it\u00e9<\/strong> : Certification IP66<\/li>\n<li><strong>Application Mobile<\/strong> : Compatible avec l&#8217;application gratuite Mi Home<\/li>\n<\/ul>\n<p>Cette cam\u00e9ra est con\u00e7ue pour une surveillance avanc\u00e9e, offrant des images haute r\u00e9solution et une couverture \u00e9tendue avec un angle de vue large. Son IA de reconnaissance et ses fonctions audio bidirectionnelles en font un choix id\u00e9al pour une s\u00e9curit\u00e9 domestique intelligente et robuste, que ce soit en journ\u00e9e ou en pleine nuit.<\/p>","protected":false},"excerpt":{"rendered":"<h4>Cam\u00e9ra de S\u00e9curit\u00e9 Intelligente Pro 2K \u2013 S\u00e9curit\u00e9 24h\/24<\/h4>","protected":false},"featured_media":3364,"template":"","meta":{"_uag_custom_page_level_css":"","site-sidebar-layout":"default","site-content-layout":"default","ast-site-content-layout":"default","site-content-style":"default","site-sidebar-style":"default","ast-global-header-display":"","ast-banner-title-visibility":"","ast-main-header-display":"","ast-hfb-above-header-display":"","ast-hfb-below-header-display":"","ast-hfb-mobile-header-display":"","site-post-title":"","ast-breadcrumbs-content":"","ast-featured-img":"","footer-sml-layout":"","theme-transparent-header-meta":"default","adv-header-id-meta":"","stick-header-meta":"default","header-above-stick-meta":"","header-main-stick-meta":"","header-below-stick-meta":"","astra-migrate-meta-layouts":"set","ast-page-background-enabled":"default","ast-page-background-meta":{"desktop":{"background-color":"","background-image":"","background-repeat":"repeat","background-position":"center center","background-size":"auto","background-attachment":"scroll","background-type":"","background-media":"","overlay-type":"","overlay-color":"","overlay-opacity":"","overlay-gradient":""},"tablet":{"background-color":"","background-image":"","background-repeat":"repeat","background-position":"center center","background-size":"auto","background-attachment":"scroll","background-type":"","background-media":"","overlay-type":"","overlay-color":"","overlay-opacity":"","overlay-gradient":""},"mobile":{"background-color":"","background-image":"","background-repeat":"repeat","background-position":"center center","background-size":"auto","background-attachment":"scroll","background-type":"","background-media":"","overlay-type":"","overlay-color":"","overlay-opacity":"","overlay-gradient":""}},"ast-content-background-meta":{"desktop":{"background-color":"var(--ast-global-color-5)","background-image":"","background-repeat":"repeat","background-position":"center center","background-size":"auto","background-attachment":"scroll","background-type":"","background-media":"","overlay-type":"","overlay-color":"","overlay-opacity":"","overlay-gradient":""},"tablet":{"background-color":"var(--ast-global-color-5)","background-image":"","background-repeat":"repeat","background-position":"center center","background-size":"auto","background-attachment":"scroll","background-type":"","background-media":"","overlay-type":"","overlay-color":"","overlay-opacity":"","overlay-gradient":""},"mobile":{"background-color":"var(--ast-global-color-5)","background-image":"","background-repeat":"repeat","background-position":"center center","background-size":"auto","background-attachment":"scroll","background-type":"","background-media":"","overlay-type":"","overlay-color":"","overlay-opacity":"","overlay-gradient":""}}},"product_brand":[],"product_cat":[35,40],"product_tag":[],"class_list":{"0":"post-3360","1":"product","2":"type-product","3":"status-publish","4":"has-post-thumbnail","6":"product_cat-camera","7":"product_cat-telesurveillance","8":"desktop-align-left","9":"tablet-align-left","10":"mobile-align-left","11":"ast-product-gallery-layout-vertical-slider","12":"ast-product-tabs-layout-horizontal","13":"ast-qv-on-image","15":"first","16":"instock","17":"featured","18":"taxable","19":"shipping-taxable","20":"purchasable","21":"product-type-simple"},"aioseo_notices":[],"uagb_featured_image_src":{"full":["https:\/\/alarma-sin-cuotas.alarm-kit.com\/wp-content\/uploads\/2024\/11\/Outdoor-Security-Camera-2K.png",1000,1000,false],"thumbnail":["https:\/\/alarma-sin-cuotas.alarm-kit.com\/wp-content\/uploads\/2024\/11\/Outdoor-Security-Camera-2K-150x150.png",150,150,true],"medium":["https:\/\/alarma-sin-cuotas.alarm-kit.com\/wp-content\/uploads\/2024\/11\/Outdoor-Security-Camera-2K-300x300.png",300,300,true],"medium_large":["https:\/\/alarma-sin-cuotas.alarm-kit.com\/wp-content\/uploads\/2024\/11\/Outdoor-Security-Camera-2K-768x768.png",768,768,true],"large":["https:\/\/alarma-sin-cuotas.alarm-kit.com\/wp-content\/uploads\/2024\/11\/Outdoor-Security-Camera-2K.png",1000,1000,false],"1536x1536":["https:\/\/alarma-sin-cuotas.alarm-kit.com\/wp-content\/uploads\/2024\/11\/Outdoor-Security-Camera-2K.png",1000,1000,false],"2048x2048":["https:\/\/alarma-sin-cuotas.alarm-kit.com\/wp-content\/uploads\/2024\/11\/Outdoor-Security-Camera-2K.png",1000,1000,false],"trp-custom-language-flag":["https:\/\/alarma-sin-cuotas.alarm-kit.com\/wp-content\/uploads\/2024\/11\/Outdoor-Security-Camera-2K-12x12.png",12,12,true],"woocommerce_thumbnail":["https:\/\/alarma-sin-cuotas.alarm-kit.com\/wp-content\/uploads\/2024\/11\/Outdoor-Security-Camera-2K-300x300.png",300,300,true],"woocommerce_single":["https:\/\/alarma-sin-cuotas.alarm-kit.com\/wp-content\/uploads\/2024\/11\/Outdoor-Security-Camera-2K-600x600.png",600,600,true],"woocommerce_gallery_thumbnail":["https:\/\/alarma-sin-cuotas.alarm-kit.com\/wp-content\/uploads\/2024\/11\/Outdoor-Security-Camera-2K-100x100.png",100,100,true]},"uagb_author_info":{"display_name":"alarma-sin-cuotas.alarm-kit.com","author_link":"https:\/\/alarma-sin-cuotas.alarm-kit.com\/es\/author\/"},"uagb_comment_info":0,"uagb_excerpt":"Cam\u00e9ra de S\u00e9curit\u00e9 Intelligente Pro 2K \u2013 S\u00e9curit\u00e9 24h\/24","jetpack_sharing_enabled":true,"_links":{"self":[{"href":"https:\/\/alarma-sin-cuotas.alarm-kit.com\/es\/wp-json\/wp\/v2\/product\/3360","targetHints":{"allow":["GET"]}}],"collection":[{"href":"https:\/\/alarma-sin-cuotas.alarm-kit.com\/es\/wp-json\/wp\/v2\/product"}],"about":[{"href":"https:\/\/alarma-sin-cuotas.alarm-kit.com\/es\/wp-json\/wp\/v2\/types\/product"}],"wp:featuredmedia":[{"embeddable":true,"href":"https:\/\/alarma-sin-cuotas.alarm-kit.com\/es\/wp-json\/wp\/v2\/media\/3364"}],"wp:attachment":[{"href":"https:\/\/alarma-sin-cuotas.alarm-kit.com\/es\/wp-json\/wp\/v2\/media?parent=3360"}],"wp:term":[{"taxonomy":"product_brand","embeddable":true,"href":"https:\/\/alarma-sin-cuotas.alarm-kit.com\/es\/wp-json\/wp\/v2\/product_brand?post=3360"},{"taxonomy":"product_cat","embeddable":true,"href":"https:\/\/alarma-sin-cuotas.alarm-kit.com\/es\/wp-json\/wp\/v2\/product_cat?post=3360"},{"taxonomy":"product_tag","embeddable":true,"href":"https:\/\/alarma-sin-cuotas.alarm-kit.com\/es\/wp-json\/wp\/v2\/product_tag?post=3360"}],"curies":[{"name":"wp","href":"https:\/\/api.w.org\/{rel}","templated":true}]}}