{"id":6,"date":"2024-03-26T18:30:17","date_gmt":"2024-03-26T17:30:17","guid":{"rendered":"http:\/\/alarma-sin-cuotas.alarm-kit.com\/?page_id=6"},"modified":"2025-04-03T21:20:07","modified_gmt":"2025-04-03T19:20:07","slug":"cart","status":"publish","type":"page","link":"https:\/\/alarma-sin-cuotas.alarm-kit.com\/fr_fr\/cart\/","title":{"rendered":"Votre Panier d&#8217;Achat"},"content":{"rendered":"<div data-block-name=\"woocommerce\/cart\" class=\"wp-block-woocommerce-cart is-loading\"><div data-block-name=\"woocommerce\/filled-cart-block\" class=\"wp-block-woocommerce-filled-cart-block\"><div data-block-name=\"woocommerce\/cart-items-block\" class=\"wp-block-woocommerce-cart-items-block\"><div data-block-name=\"woocommerce\/cart-line-items-block\" class=\"wp-block-woocommerce-cart-line-items-block\"><\/div>\n\n<div data-block-name=\"woocommerce\/cart-cross-sells-block\" class=\"wp-block-woocommerce-cart-cross-sells-block\"><h5 class=\"wp-block-heading has-medium-font-size\">Vous pourriez \u00eatre int\u00e9ress\u00e9 par\u2026<\/h5>\n\n<div data-block-name=\"woocommerce\/cart-cross-sells-products-block\" class=\"wp-block-woocommerce-cart-cross-sells-products-block\"><\/div><\/div><\/div>\n\n<div data-block-name=\"woocommerce\/cart-totals-block\" class=\"wp-block-woocommerce-cart-totals-block\"><div data-block-name=\"woocommerce\/cart-order-summary-block\" class=\"wp-block-woocommerce-cart-order-summary-block\"><div data-block-name=\"woocommerce\/cart-order-summary-heading-block\" data-content=\"Total panier\" class=\"wp-block-woocommerce-cart-order-summary-heading-block\"><\/div>\n\n<div data-block-name=\"woocommerce\/cart-order-summary-coupon-form-block\" class=\"wp-block-woocommerce-cart-order-summary-coupon-form-block\"><\/div>\n\n<div data-block-name=\"woocommerce\/cart-order-summary-totals-block\" class=\"wp-block-woocommerce-cart-order-summary-totals-block\"><div data-block-name=\"woocommerce\/cart-order-summary-subtotal-block\" class=\"wp-block-woocommerce-cart-order-summary-subtotal-block\"><\/div>\n\n<div data-block-name=\"woocommerce\/cart-order-summary-fee-block\" class=\"wp-block-woocommerce-cart-order-summary-fee-block\"><\/div>\n\n<div data-block-name=\"woocommerce\/cart-order-summary-discount-block\" class=\"wp-block-woocommerce-cart-order-summary-discount-block\"><\/div>\n\n<div data-block-name=\"woocommerce\/cart-order-summary-shipping-block\" class=\"wp-block-woocommerce-cart-order-summary-shipping-block\"><\/div>\n\n<div data-block-name=\"woocommerce\/cart-order-summary-taxes-block\" class=\"wp-block-woocommerce-cart-order-summary-taxes-block\"><\/div><\/div><\/div>\n\n<div data-block-name=\"woocommerce\/cart-express-payment-block\" class=\"wp-block-woocommerce-cart-express-payment-block\"><\/div>\n\n<div data-block-name=\"woocommerce\/proceed-to-checkout-block\" class=\"wp-block-woocommerce-proceed-to-checkout-block\"><\/div>\n\n<div data-block-name=\"woocommerce\/cart-accepted-payment-methods-block\" class=\"wp-block-woocommerce-cart-accepted-payment-methods-block\"><\/div><\/div><\/div>\n\n<div data-block-name=\"woocommerce\/empty-cart-block\" class=\"wp-block-woocommerce-empty-cart-block\"><h2 class=\"wp-block-heading has-text-align-center with-empty-cart-icon wc-block-cart__empty-cart__title\">Your cart is currently empty!<\/h2>\n\n<hr class=\"wp-block-separator has-alpha-channel-opacity is-style-dots\"\/>\n\n<h2 class=\"wp-block-heading has-text-align-center\">New in store<\/h2>\n\n<div data-block-name=\"woocommerce\/product-new\" data-columns=\"4\" data-rows=\"1\" class=\"wc-block-grid wp-block-product-new wp-block-woocommerce-product-new wc-block-product-new has-4-columns\"><ul class=\"wc-block-grid__products\"><li class=\"wc-block-grid__product\">\n\t\t\t\t<a href=\"https:\/\/alarma-sin-cuotas.alarm-kit.com\/fr_fr\/store\/alarme-maison\/detecteur-de-mouvement-sans-fil-100-metres\/\" class=\"wc-block-grid__product-link\">\n\t\t\t\t\t<div class=\"wc-block-grid__product-onsale\">\n\t\t\t<span aria-hidden=\"true\" data-no-translation=\"\" data-trp-gettext=\"\">Promo<\/span>\n\t\t\t<span class=\"screen-reader-text\" data-no-translation=\"\" data-trp-gettext=\"\">Produit en promotion<\/span>\n\t\t<\/div>\n\t\t\t\t\t<div class=\"wc-block-grid__product-image\"><img loading=\"lazy\" decoding=\"async\" width=\"300\" height=\"300\" src=\"https:\/\/alarma-sin-cuotas.alarm-kit.com\/wp-content\/uploads\/2025\/01\/basic-Security-surveillance-motion-home-security-sensor-sensor-300x300.png\" class=\"attachment-woocommerce_thumbnail size-woocommerce_thumbnail\" alt=\"D\u00e9tecteur de Mouvement Sans Fil | Port\u00e9e 100 m\u00e8tres\" srcset=\"https:\/\/alarma-sin-cuotas.alarm-kit.com\/wp-content\/uploads\/2025\/01\/basic-Security-surveillance-motion-home-security-sensor-sensor-300x300.png 300w, https:\/\/alarma-sin-cuotas.alarm-kit.com\/wp-content\/uploads\/2025\/01\/basic-Security-surveillance-motion-home-security-sensor-sensor-150x150.png 150w, https:\/\/alarma-sin-cuotas.alarm-kit.com\/wp-content\/uploads\/2025\/01\/basic-Security-surveillance-motion-home-security-sensor-sensor-768x768.png 768w, https:\/\/alarma-sin-cuotas.alarm-kit.com\/wp-content\/uploads\/2025\/01\/basic-Security-surveillance-motion-home-security-sensor-sensor-12x12.png 12w, https:\/\/alarma-sin-cuotas.alarm-kit.com\/wp-content\/uploads\/2025\/01\/basic-Security-surveillance-motion-home-security-sensor-sensor-600x600.png 600w, https:\/\/alarma-sin-cuotas.alarm-kit.com\/wp-content\/uploads\/2025\/01\/basic-Security-surveillance-motion-home-security-sensor-sensor-100x100.png 100w, https:\/\/alarma-sin-cuotas.alarm-kit.com\/wp-content\/uploads\/2025\/01\/basic-Security-surveillance-motion-home-security-sensor-sensor.png 800w\" sizes=\"auto, (max-width: 300px) 100vw, 300px\" \/><\/div>\n\t\t\t\t\t<div class=\"wc-block-grid__product-title\">D\u00e9tecteur de Mouvement Sans Fil | Port\u00e9e 100 m\u00e8tres<\/div>\n\t\t\t\t<\/a>\n\t\t\t\t<div class=\"wc-block-grid__product-price price\"><del aria-hidden=\"true\"><span class=\"woocommerce-Price-amount amount\">29,99&nbsp;<span class=\"woocommerce-Price-currencySymbol\">&euro;<\/span><\/span><\/del> <span class=\"screen-reader-text\" data-no-translation=\"\" data-trp-gettext=\"\">Le prix initial \u00e9tait\u00a0: 29,99&nbsp;&euro;.<\/span><ins aria-hidden=\"true\"><span class=\"woocommerce-Price-amount amount\">24,97&nbsp;<span class=\"woocommerce-Price-currencySymbol\">&euro;<\/span><\/span><\/ins><span class=\"screen-reader-text\" data-no-translation=\"\" data-trp-gettext=\"\">Le prix actuel est\u00a0: 24,97&nbsp;&euro;.<\/span><\/div>\n\t\t\t\t\n\t\t\t\t<div class=\"wp-block-button wc-block-grid__product-add-to-cart\"><a href=\"?add-to-cart=3465\" aria-label=\"Ajouter au panier\u00a0: \u201cD\u00e9tecteur de Mouvement Sans Fil | Port\u00e9e 100 m\u00e8tres\u201d\" data-quantity=\"1\" data-product_id=\"3465\" data-product_sku=\"B09JGBC4SP\" data-price=\"24.97\" rel=\"nofollow\" class=\"wp-block-button__link  add_to_cart_button ajax_add_to_cart\" data-no-translation=\"\" data-trp-gettext=\"\" data-no-translation-aria-label=\"\">Ajouter au panier<\/a><\/div>\n\t\t\t<\/li><li class=\"wc-block-grid__product\">\n\t\t\t\t<a href=\"https:\/\/alarma-sin-cuotas.alarm-kit.com\/fr_fr\/store\/camera\/camera-exterieure-avec-suivi-de-mouvement\/\" class=\"wc-block-grid__product-link\">\n\t\t\t\t\t\n\t\t\t\t\t<div class=\"wc-block-grid__product-image\"><img loading=\"lazy\" decoding=\"async\" width=\"300\" height=\"300\" src=\"https:\/\/alarma-sin-cuotas.alarm-kit.com\/wp-content\/uploads\/2024\/11\/Outdoor-Security-Camera-2K-300x300.png\" class=\"attachment-woocommerce_thumbnail size-woocommerce_thumbnail\" alt=\"cam\u00e9ra exterieure\" srcset=\"https:\/\/alarma-sin-cuotas.alarm-kit.com\/wp-content\/uploads\/2024\/11\/Outdoor-Security-Camera-2K-300x300.png 300w, https:\/\/alarma-sin-cuotas.alarm-kit.com\/wp-content\/uploads\/2024\/11\/Outdoor-Security-Camera-2K-150x150.png 150w, https:\/\/alarma-sin-cuotas.alarm-kit.com\/wp-content\/uploads\/2024\/11\/Outdoor-Security-Camera-2K-768x768.png 768w, https:\/\/alarma-sin-cuotas.alarm-kit.com\/wp-content\/uploads\/2024\/11\/Outdoor-Security-Camera-2K-12x12.png 12w, https:\/\/alarma-sin-cuotas.alarm-kit.com\/wp-content\/uploads\/2024\/11\/Outdoor-Security-Camera-2K-600x600.png 600w, https:\/\/alarma-sin-cuotas.alarm-kit.com\/wp-content\/uploads\/2024\/11\/Outdoor-Security-Camera-2K-100x100.png 100w, https:\/\/alarma-sin-cuotas.alarm-kit.com\/wp-content\/uploads\/2024\/11\/Outdoor-Security-Camera-2K.png 1000w\" sizes=\"auto, (max-width: 300px) 100vw, 300px\" \/><\/div>\n\t\t\t\t\t<div class=\"wc-block-grid__product-title\">Cam\u00e9ra de S\u00e9curit\u00e9 Intelligente Pro 2K : Votre Surveillance de Pointe avec suivi de mouvement<\/div>\n\t\t\t\t<\/a>\n\t\t\t\t<div class=\"wc-block-grid__product-price price\"><span class=\"woocommerce-Price-amount amount\">129,99&nbsp;<span class=\"woocommerce-Price-currencySymbol\">&euro;<\/span><\/span><\/div>\n\t\t\t\t\n\t\t\t\t<div class=\"wp-block-button wc-block-grid__product-add-to-cart\"><a href=\"?add-to-cart=3360\" aria-label=\"Ajouter au panier\u00a0: \u201cCam\u00e9ra de S\u00e9curit\u00e9 Intelligente Pro 2K : Votre Surveillance de Pointe avec suivi de mouvement\u201d\" data-quantity=\"1\" data-product_id=\"3360\" data-product_sku=\"\" data-price=\"129.99\" rel=\"nofollow\" class=\"wp-block-button__link  add_to_cart_button ajax_add_to_cart\" data-no-translation=\"\" data-trp-gettext=\"\" data-no-translation-aria-label=\"\">Ajouter au panier<\/a><\/div>\n\t\t\t<\/li><li class=\"wc-block-grid__product\">\n\t\t\t\t<a href=\"https:\/\/alarma-sin-cuotas.alarm-kit.com\/fr_fr\/store\/alarme-sans-abonnement\/kit-alarme-sans-abonnement-standy-pro-lora-advanced\/\" class=\"wc-block-grid__product-link\">\n\t\t\t\t\t<div class=\"wc-block-grid__product-onsale\">\n\t\t\t<span aria-hidden=\"true\" data-no-translation=\"\" data-trp-gettext=\"\">Promo<\/span>\n\t\t\t<span class=\"screen-reader-text\" data-no-translation=\"\" data-trp-gettext=\"\">Produit en promotion<\/span>\n\t\t<\/div>\n\t\t\t\t\t<div class=\"wc-block-grid__product-image\"><img loading=\"lazy\" decoding=\"async\" width=\"300\" height=\"300\" src=\"https:\/\/alarma-sin-cuotas.alarm-kit.com\/wp-content\/uploads\/2024\/11\/lora-no-monthly-fee-home-security-system-Lora-advanced-300x300.jpg\" class=\"attachment-woocommerce_thumbnail size-woocommerce_thumbnail\" alt=\"no monthly fee home security system\" srcset=\"https:\/\/alarma-sin-cuotas.alarm-kit.com\/wp-content\/uploads\/2024\/11\/lora-no-monthly-fee-home-security-system-Lora-advanced-300x300.jpg 300w, https:\/\/alarma-sin-cuotas.alarm-kit.com\/wp-content\/uploads\/2024\/11\/lora-no-monthly-fee-home-security-system-Lora-advanced-1024x1024.jpg 1024w, https:\/\/alarma-sin-cuotas.alarm-kit.com\/wp-content\/uploads\/2024\/11\/lora-no-monthly-fee-home-security-system-Lora-advanced-150x150.jpg 150w, https:\/\/alarma-sin-cuotas.alarm-kit.com\/wp-content\/uploads\/2024\/11\/lora-no-monthly-fee-home-security-system-Lora-advanced-768x768.jpg 768w, https:\/\/alarma-sin-cuotas.alarm-kit.com\/wp-content\/uploads\/2024\/11\/lora-no-monthly-fee-home-security-system-Lora-advanced-1536x1536.jpg 1536w, https:\/\/alarma-sin-cuotas.alarm-kit.com\/wp-content\/uploads\/2024\/11\/lora-no-monthly-fee-home-security-system-Lora-advanced-12x12.jpg 12w, https:\/\/alarma-sin-cuotas.alarm-kit.com\/wp-content\/uploads\/2024\/11\/lora-no-monthly-fee-home-security-system-Lora-advanced-600x600.jpg 600w, https:\/\/alarma-sin-cuotas.alarm-kit.com\/wp-content\/uploads\/2024\/11\/lora-no-monthly-fee-home-security-system-Lora-advanced-100x100.jpg 100w, https:\/\/alarma-sin-cuotas.alarm-kit.com\/wp-content\/uploads\/2024\/11\/lora-no-monthly-fee-home-security-system-Lora-advanced.jpg 2000w\" sizes=\"auto, (max-width: 300px) 100vw, 300px\" \/><\/div>\n\t\t\t\t\t<div class=\"wc-block-grid__product-title\">Kit Alarme Sans Abonnement Standy Pro LoRa Advanced<\/div>\n\t\t\t\t<\/a>\n\t\t\t\t<div class=\"wc-block-grid__product-price price\"><del aria-hidden=\"true\"><span class=\"woocommerce-Price-amount amount\">699,97&nbsp;<span class=\"woocommerce-Price-currencySymbol\">&euro;<\/span><\/span><\/del> <span class=\"screen-reader-text\" data-no-translation=\"\" data-trp-gettext=\"\">Le prix initial \u00e9tait\u00a0: 699,97&nbsp;&euro;.<\/span><ins aria-hidden=\"true\"><span class=\"woocommerce-Price-amount amount\">649,97&nbsp;<span class=\"woocommerce-Price-currencySymbol\">&euro;<\/span><\/span><\/ins><span class=\"screen-reader-text\" data-no-translation=\"\" data-trp-gettext=\"\">Le prix actuel est\u00a0: 649,97&nbsp;&euro;.<\/span><\/div>\n\t\t\t\t\n\t\t\t\t<div class=\"wp-block-button wc-block-grid__product-add-to-cart\"><a href=\"?add-to-cart=3358\" aria-label=\"Ajouter au panier\u00a0: \u201cKit Alarme Sans Abonnement Standy Pro LoRa Advanced\u201d\" data-quantity=\"1\" data-product_id=\"3358\" data-product_sku=\"\" data-price=\"649.97\" rel=\"nofollow\" class=\"wp-block-button__link  add_to_cart_button ajax_add_to_cart\" data-no-translation=\"\" data-trp-gettext=\"\" data-no-translation-aria-label=\"\">Ajouter au panier<\/a><\/div>\n\t\t\t<\/li><li class=\"wc-block-grid__product\">\n\t\t\t\t<a href=\"https:\/\/alarma-sin-cuotas.alarm-kit.com\/fr_fr\/store\/alarme-sans-abonnement\/kit-alarme-sans-abonnement-standy-pro-lora-standard\/\" class=\"wc-block-grid__product-link\">\n\t\t\t\t\t\n\t\t\t\t\t<div class=\"wc-block-grid__product-image\"><img loading=\"lazy\" decoding=\"async\" width=\"300\" height=\"300\" src=\"https:\/\/alarma-sin-cuotas.alarm-kit.com\/wp-content\/uploads\/2024\/11\/lora-no-monthly-fee-home-security-system-Lora-standard-300x300.jpg\" class=\"attachment-woocommerce_thumbnail size-woocommerce_thumbnail\" alt=\"no monthly fee home security system\" srcset=\"https:\/\/alarma-sin-cuotas.alarm-kit.com\/wp-content\/uploads\/2024\/11\/lora-no-monthly-fee-home-security-system-Lora-standard-300x300.jpg 300w, https:\/\/alarma-sin-cuotas.alarm-kit.com\/wp-content\/uploads\/2024\/11\/lora-no-monthly-fee-home-security-system-Lora-standard-1024x1024.jpg 1024w, https:\/\/alarma-sin-cuotas.alarm-kit.com\/wp-content\/uploads\/2024\/11\/lora-no-monthly-fee-home-security-system-Lora-standard-150x150.jpg 150w, https:\/\/alarma-sin-cuotas.alarm-kit.com\/wp-content\/uploads\/2024\/11\/lora-no-monthly-fee-home-security-system-Lora-standard-768x768.jpg 768w, https:\/\/alarma-sin-cuotas.alarm-kit.com\/wp-content\/uploads\/2024\/11\/lora-no-monthly-fee-home-security-system-Lora-standard-1536x1536.jpg 1536w, https:\/\/alarma-sin-cuotas.alarm-kit.com\/wp-content\/uploads\/2024\/11\/lora-no-monthly-fee-home-security-system-Lora-standard-12x12.jpg 12w, https:\/\/alarma-sin-cuotas.alarm-kit.com\/wp-content\/uploads\/2024\/11\/lora-no-monthly-fee-home-security-system-Lora-standard-600x600.jpg 600w, https:\/\/alarma-sin-cuotas.alarm-kit.com\/wp-content\/uploads\/2024\/11\/lora-no-monthly-fee-home-security-system-Lora-standard-100x100.jpg 100w, https:\/\/alarma-sin-cuotas.alarm-kit.com\/wp-content\/uploads\/2024\/11\/lora-no-monthly-fee-home-security-system-Lora-standard.jpg 2000w\" sizes=\"auto, (max-width: 300px) 100vw, 300px\" \/><\/div>\n\t\t\t\t\t<div class=\"wc-block-grid__product-title\">Kit Alarme Sans Abonnement Standy Pro LoRa Standard<\/div>\n\t\t\t\t<\/a>\n\t\t\t\t<div class=\"wc-block-grid__product-price price\"><span class=\"woocommerce-Price-amount amount\">499,97&nbsp;<span class=\"woocommerce-Price-currencySymbol\">&euro;<\/span><\/span><\/div>\n\t\t\t\t\n\t\t\t\t<div class=\"wp-block-button wc-block-grid__product-add-to-cart\"><a href=\"?add-to-cart=3356\" aria-label=\"Ajouter au panier\u00a0: \u201cKit Alarme Sans Abonnement Standy Pro LoRa Standard\u201d\" data-quantity=\"1\" data-product_id=\"3356\" data-product_sku=\"\" data-price=\"499.97\" rel=\"nofollow\" class=\"wp-block-button__link  add_to_cart_button ajax_add_to_cart\" data-no-translation=\"\" data-trp-gettext=\"\" data-no-translation-aria-label=\"\">Ajouter au panier<\/a><\/div>\n\t\t\t<\/li><\/ul><\/div><\/div><\/div>","protected":false},"excerpt":{"rendered":"","protected":false},"author":1,"featured_media":0,"parent":0,"menu_order":0,"comment_status":"closed","ping_status":"closed","template":"","meta":{"_uag_custom_page_level_css":"","site-sidebar-layout":"default","site-content-layout":"","ast-site-content-layout":"default","site-content-style":"default","site-sidebar-style":"default","ast-global-header-display":"","ast-banner-title-visibility":"","ast-main-header-display":"","ast-hfb-above-header-display":"","ast-hfb-below-header-display":"","ast-hfb-mobile-header-display":"","site-post-title":"","ast-breadcrumbs-content":"","ast-featured-img":"","footer-sml-layout":"","theme-transparent-header-meta":"","adv-header-id-meta":"","stick-header-meta":"","header-above-stick-meta":"","header-main-stick-meta":"","header-below-stick-meta":"","astra-migrate-meta-layouts":"set","ast-page-background-enabled":"default","ast-page-background-meta":{"desktop":{"background-color":"","background-image":"","background-repeat":"repeat","background-position":"center center","background-size":"auto","background-attachment":"scroll","background-type":"","background-media":"","overlay-type":"","overlay-color":"","overlay-gradient":""},"tablet":{"background-color":"","background-image":"","background-repeat":"repeat","background-position":"center center","background-size":"auto","background-attachment":"scroll","background-type":"","background-media":"","overlay-type":"","overlay-color":"","overlay-gradient":""},"mobile":{"background-color":"","background-image":"","background-repeat":"repeat","background-position":"center center","background-size":"auto","background-attachment":"scroll","background-type":"","background-media":"","overlay-type":"","overlay-color":"","overlay-gradient":""}},"ast-content-background-meta":{"desktop":{"background-color":"var(--ast-global-color-5)","background-image":"","background-repeat":"repeat","background-position":"center center","background-size":"auto","background-attachment":"scroll","background-type":"","background-media":"","overlay-type":"","overlay-color":"","overlay-gradient":""},"tablet":{"background-color":"var(--ast-global-color-5)","background-image":"","background-repeat":"repeat","background-position":"center center","background-size":"auto","background-attachment":"scroll","background-type":"","background-media":"","overlay-type":"","overlay-color":"","overlay-gradient":""},"mobile":{"background-color":"var(--ast-global-color-5)","background-image":"","background-repeat":"repeat","background-position":"center center","background-size":"auto","background-attachment":"scroll","background-type":"","background-media":"","overlay-type":"","overlay-color":"","overlay-gradient":""}},"footnotes":""},"class_list":["post-6","page","type-page","status-publish","hentry"],"aioseo_notices":[],"uagb_featured_image_src":{"full":false,"thumbnail":false,"medium":false,"medium_large":false,"large":false,"1536x1536":false,"2048x2048":false,"trp-custom-language-flag":false,"woocommerce_thumbnail":false,"woocommerce_single":false,"woocommerce_gallery_thumbnail":false},"uagb_author_info":{"display_name":"alarma-sin-cuotas.alarm-kit.com","author_link":"https:\/\/alarma-sin-cuotas.alarm-kit.com\/fr_fr\/author\/alarm-kit-com\/"},"uagb_comment_info":0,"uagb_excerpt":null,"jetpack_sharing_enabled":true,"_links":{"self":[{"href":"https:\/\/alarma-sin-cuotas.alarm-kit.com\/fr_fr\/wp-json\/wp\/v2\/pages\/6","targetHints":{"allow":["GET"]}}],"collection":[{"href":"https:\/\/alarma-sin-cuotas.alarm-kit.com\/fr_fr\/wp-json\/wp\/v2\/pages"}],"about":[{"href":"https:\/\/alarma-sin-cuotas.alarm-kit.com\/fr_fr\/wp-json\/wp\/v2\/types\/page"}],"author":[{"embeddable":true,"href":"https:\/\/alarma-sin-cuotas.alarm-kit.com\/fr_fr\/wp-json\/wp\/v2\/users\/1"}],"replies":[{"embeddable":true,"href":"https:\/\/alarma-sin-cuotas.alarm-kit.com\/fr_fr\/wp-json\/wp\/v2\/comments?post=6"}],"version-history":[{"count":3,"href":"https:\/\/alarma-sin-cuotas.alarm-kit.com\/fr_fr\/wp-json\/wp\/v2\/pages\/6\/revisions"}],"predecessor-version":[{"id":3705,"href":"https:\/\/alarma-sin-cuotas.alarm-kit.com\/fr_fr\/wp-json\/wp\/v2\/pages\/6\/revisions\/3705"}],"wp:attachment":[{"href":"https:\/\/alarma-sin-cuotas.alarm-kit.com\/fr_fr\/wp-json\/wp\/v2\/media?parent=6"}],"curies":[{"name":"wp","href":"https:\/\/api.w.org\/{rel}","templated":true}]}}