{"id":1199,"date":"2020-02-17T09:56:50","date_gmt":"2020-02-17T09:56:50","guid":{"rendered":"https:\/\/alarma-sin-cuotas.alarm-kit.com\/?product=boho-bangle-bracelet-2"},"modified":"2024-11-04T19:50:35","modified_gmt":"2024-11-04T18:50:35","slug":"telecommande-alarme","status":"publish","type":"product","link":"https:\/\/alarma-sin-cuotas.alarm-kit.com\/fr_fr\/store\/alarme-sans-abonnement\/telecommande-alarme\/","title":{"rendered":"Contr\u00f4le total de votre s\u00e9curit\u00e9 avec la T\u00e9l\u00e9commande pour centrale d&#8217;Alarme connect\u00e9e"},"content":{"rendered":"<h3>Contr\u00f4le total de votre s\u00e9curit\u00e9 avec la T\u00e9l\u00e9commande pour centrale d&#8217;Alarme connect\u00e9e<\/h3>\n<h4>Protection Personnalis\u00e9e<\/h4>\n<p>La t\u00e9l\u00e9commande d&#8217;alarme offre une s\u00e9curit\u00e9 sur mesure pour votre maison ou appartement. Profitez de la tranquillit\u00e9 d&#8217;esprit en personnalisant les r\u00e9glages pour r\u00e9pondre \u00e0 vos besoins sp\u00e9cifiques. Avec sa technologie avanc\u00e9e, ce dispositif vous permet de contr\u00f4ler chaque aspect de votre syst\u00e8me d&#8217;alarme pour une s\u00e9curit\u00e9 optimale.<\/p>\n<p><img loading=\"lazy\" decoding=\"async\" class=\"alignnone wp-image-2890\" src=\"https:\/\/alarma-sin-cuotas.alarm-kit.com\/wp-content\/uploads\/2020\/02\/telecommande-alarme-5.jpeg\" alt=\"T\u00e9l\u00e9commande alarme connect\u00e9e\" width=\"800\" height=\"800\" srcset=\"https:\/\/alarma-sin-cuotas.alarm-kit.com\/wp-content\/uploads\/2020\/02\/telecommande-alarme-5.jpeg 1000w, https:\/\/alarma-sin-cuotas.alarm-kit.com\/wp-content\/uploads\/2020\/02\/telecommande-alarme-5-300x300.jpeg 300w, https:\/\/alarma-sin-cuotas.alarm-kit.com\/wp-content\/uploads\/2020\/02\/telecommande-alarme-5-150x150.jpeg 150w, https:\/\/alarma-sin-cuotas.alarm-kit.com\/wp-content\/uploads\/2020\/02\/telecommande-alarme-5-768x768.jpeg 768w, https:\/\/alarma-sin-cuotas.alarm-kit.com\/wp-content\/uploads\/2020\/02\/telecommande-alarme-5-12x12.jpeg 12w, https:\/\/alarma-sin-cuotas.alarm-kit.com\/wp-content\/uploads\/2020\/02\/telecommande-alarme-5-600x600.jpeg 600w, https:\/\/alarma-sin-cuotas.alarm-kit.com\/wp-content\/uploads\/2020\/02\/telecommande-alarme-5-100x100.jpeg 100w\" sizes=\"auto, (max-width: 800px) 100vw, 800px\" \/><\/p>\n<h4>Facilit\u00e9 d&#8217;Utilisation<\/h4>\n<p>Simplicit\u00e9 et efficacit\u00e9 se rejoignent avec la t\u00e9l\u00e9commande d&#8217;alarme connect\u00e9e. Son design intuitif vous permet de g\u00e9rer votre syst\u00e8me d&#8217;alarme en toute simplicit\u00e9. Gr\u00e2ce \u00e0 ses fonctionnalit\u00e9s conviviales, vous pouvez armer ou d\u00e9sarmer votre syst\u00e8me en un seul clic, o\u00f9 que vous soyez. Transformez la s\u00e9curit\u00e9 de votre domicile en une exp\u00e9rience fluide et sans tracas.<\/p>\n<p><img loading=\"lazy\" decoding=\"async\" class=\"alignnone wp-image-2891\" src=\"https:\/\/alarma-sin-cuotas.alarm-kit.com\/wp-content\/uploads\/2020\/02\/telecommande-alarme-3.jpeg\" alt=\"T\u00e9l\u00e9commande alarme connect\u00e9e\" width=\"800\" height=\"800\" srcset=\"https:\/\/alarma-sin-cuotas.alarm-kit.com\/wp-content\/uploads\/2020\/02\/telecommande-alarme-3.jpeg 1000w, https:\/\/alarma-sin-cuotas.alarm-kit.com\/wp-content\/uploads\/2020\/02\/telecommande-alarme-3-300x300.jpeg 300w, https:\/\/alarma-sin-cuotas.alarm-kit.com\/wp-content\/uploads\/2020\/02\/telecommande-alarme-3-150x150.jpeg 150w, https:\/\/alarma-sin-cuotas.alarm-kit.com\/wp-content\/uploads\/2020\/02\/telecommande-alarme-3-768x768.jpeg 768w, https:\/\/alarma-sin-cuotas.alarm-kit.com\/wp-content\/uploads\/2020\/02\/telecommande-alarme-3-12x12.jpeg 12w, https:\/\/alarma-sin-cuotas.alarm-kit.com\/wp-content\/uploads\/2020\/02\/telecommande-alarme-3-600x600.jpeg 600w, https:\/\/alarma-sin-cuotas.alarm-kit.com\/wp-content\/uploads\/2020\/02\/telecommande-alarme-3-100x100.jpeg 100w\" sizes=\"auto, (max-width: 800px) 100vw, 800px\" \/><\/p>\n<h4>S\u00e9curit\u00e9 Connect\u00e9e<\/h4>\n<p>Restez connect\u00e9 \u00e0 votre maison o\u00f9 que vous soyez avec la t\u00e9l\u00e9commande d&#8217;alarme. Gr\u00e2ce \u00e0 sa compatibilit\u00e9 avec les appareils mobiles, vous pouvez surveiller et contr\u00f4ler votre syst\u00e8me d&#8217;alarme \u00e0 distance. Recevez des notifications en temps r\u00e9el sur votre smartphone pour une tranquillit\u00e9 d&#8217;esprit totale, m\u00eame lorsque vous \u00eates loin de chez vous.<\/p>","protected":false},"excerpt":{"rendered":"<h3>Contr\u00f4le total de votre s\u00e9curit\u00e9 avec la T\u00e9l\u00e9commande pour centrale d&#8217;Alarme connect\u00e9e<\/h3>\n<h4>Protection Personnalis\u00e9e<\/h4>\n<p>La t\u00e9l\u00e9commande d&#8217;alarme offre une s\u00e9curit\u00e9 sur mesure pour votre maison ou appartement. Profitez de la tranquillit\u00e9 d&#8217;esprit en personnalisant les r\u00e9glages pour r\u00e9pondre \u00e0 vos besoins sp\u00e9cifiques. Avec sa technologie avanc\u00e9e, ce dispositif vous permet de contr\u00f4ler chaque aspect de votre syst\u00e8me d&#8217;alarme pour une s\u00e9curit\u00e9 optimale.<\/p>","protected":false},"featured_media":2889,"template":"","meta":{"_uag_custom_page_level_css":"","site-sidebar-layout":"default","site-content-layout":"default","ast-site-content-layout":"default","site-content-style":"default","site-sidebar-style":"default","ast-global-header-display":"","ast-banner-title-visibility":"","ast-main-header-display":"","ast-hfb-above-header-display":"","ast-hfb-below-header-display":"","ast-hfb-mobile-header-display":"","site-post-title":"","ast-breadcrumbs-content":"","ast-featured-img":"","footer-sml-layout":"","theme-transparent-header-meta":"default","adv-header-id-meta":"","stick-header-meta":"default","header-above-stick-meta":"","header-main-stick-meta":"","header-below-stick-meta":"","astra-migrate-meta-layouts":"set","ast-page-background-enabled":"default","ast-page-background-meta":{"desktop":{"background-color":"","background-image":"","background-repeat":"repeat","background-position":"center center","background-size":"auto","background-attachment":"scroll","background-type":"","background-media":"","overlay-type":"","overlay-color":"","overlay-opacity":"","overlay-gradient":""},"tablet":{"background-color":"","background-image":"","background-repeat":"repeat","background-position":"center center","background-size":"auto","background-attachment":"scroll","background-type":"","background-media":"","overlay-type":"","overlay-color":"","overlay-opacity":"","overlay-gradient":""},"mobile":{"background-color":"","background-image":"","background-repeat":"repeat","background-position":"center center","background-size":"auto","background-attachment":"scroll","background-type":"","background-media":"","overlay-type":"","overlay-color":"","overlay-opacity":"","overlay-gradient":""}},"ast-content-background-meta":{"desktop":{"background-color":"var(--ast-global-color-5)","background-image":"","background-repeat":"repeat","background-position":"center center","background-size":"auto","background-attachment":"scroll","background-type":"","background-media":"","overlay-type":"","overlay-color":"","overlay-opacity":"","overlay-gradient":""},"tablet":{"background-color":"var(--ast-global-color-5)","background-image":"","background-repeat":"repeat","background-position":"center center","background-size":"auto","background-attachment":"scroll","background-type":"","background-media":"","overlay-type":"","overlay-color":"","overlay-opacity":"","overlay-gradient":""},"mobile":{"background-color":"var(--ast-global-color-5)","background-image":"","background-repeat":"repeat","background-position":"center center","background-size":"auto","background-attachment":"scroll","background-type":"","background-media":"","overlay-type":"","overlay-color":"","overlay-opacity":"","overlay-gradient":""}}},"product_brand":[],"product_cat":[15,34,43,36],"product_tag":[],"class_list":{"0":"post-1199","1":"product","2":"type-product","3":"status-publish","4":"has-post-thumbnail","6":"product_cat-alarme-sans-abonnement","7":"product_cat-alarme-maison","8":"product_cat-alarme-entreprise","9":"product_cat-detecteur","10":"desktop-align-left","11":"tablet-align-left","12":"mobile-align-left","13":"ast-product-gallery-layout-vertical-slider","14":"ast-product-tabs-layout-horizontal","15":"ast-qv-on-image","17":"first","18":"instock","19":"sale","20":"featured","21":"taxable","22":"shipping-taxable","23":"purchasable","24":"product-type-simple"},"aioseo_notices":[],"uagb_featured_image_src":{"full":["https:\/\/alarma-sin-cuotas.alarm-kit.com\/wp-content\/uploads\/2020\/02\/telecommande-alarme.png",911,761,false],"thumbnail":["https:\/\/alarma-sin-cuotas.alarm-kit.com\/wp-content\/uploads\/2020\/02\/telecommande-alarme-150x150.png",150,150,true],"medium":["https:\/\/alarma-sin-cuotas.alarm-kit.com\/wp-content\/uploads\/2020\/02\/telecommande-alarme-300x251.png",300,251,true],"medium_large":["https:\/\/alarma-sin-cuotas.alarm-kit.com\/wp-content\/uploads\/2020\/02\/telecommande-alarme-768x642.png",768,642,true],"large":["https:\/\/alarma-sin-cuotas.alarm-kit.com\/wp-content\/uploads\/2020\/02\/telecommande-alarme.png",911,761,false],"1536x1536":["https:\/\/alarma-sin-cuotas.alarm-kit.com\/wp-content\/uploads\/2020\/02\/telecommande-alarme.png",911,761,false],"2048x2048":["https:\/\/alarma-sin-cuotas.alarm-kit.com\/wp-content\/uploads\/2020\/02\/telecommande-alarme.png",911,761,false],"trp-custom-language-flag":["https:\/\/alarma-sin-cuotas.alarm-kit.com\/wp-content\/uploads\/2020\/02\/telecommande-alarme-14x12.png",14,12,true],"woocommerce_thumbnail":["https:\/\/alarma-sin-cuotas.alarm-kit.com\/wp-content\/uploads\/2020\/02\/telecommande-alarme-300x300.png",300,300,true],"woocommerce_single":["https:\/\/alarma-sin-cuotas.alarm-kit.com\/wp-content\/uploads\/2020\/02\/telecommande-alarme-600x501.png",600,501,true],"woocommerce_gallery_thumbnail":["https:\/\/alarma-sin-cuotas.alarm-kit.com\/wp-content\/uploads\/2020\/02\/telecommande-alarme-100x100.png",100,100,true]},"uagb_author_info":{"display_name":"alarma-sin-cuotas.alarm-kit.com","author_link":"https:\/\/alarma-sin-cuotas.alarm-kit.com\/fr_fr\/author\/"},"uagb_comment_info":12,"uagb_excerpt":"Contr\u00f4le total de votre s\u00e9curit\u00e9 avec la T\u00e9l\u00e9commande pour centrale d'Alarme connect\u00e9e Protection Personnalis\u00e9e La t\u00e9l\u00e9commande d'alarme offre une s\u00e9curit\u00e9 sur mesure pour votre maison ou appartement. Profitez de la tranquillit\u00e9 d'esprit en personnalisant les r\u00e9glages pour r\u00e9pondre \u00e0 vos besoins sp\u00e9cifiques. Avec sa technologie avanc\u00e9e, ce dispositif vous permet de contr\u00f4ler chaque aspect de\u2026","jetpack_sharing_enabled":true,"_links":{"self":[{"href":"https:\/\/alarma-sin-cuotas.alarm-kit.com\/fr_fr\/wp-json\/wp\/v2\/product\/1199","targetHints":{"allow":["GET"]}}],"collection":[{"href":"https:\/\/alarma-sin-cuotas.alarm-kit.com\/fr_fr\/wp-json\/wp\/v2\/product"}],"about":[{"href":"https:\/\/alarma-sin-cuotas.alarm-kit.com\/fr_fr\/wp-json\/wp\/v2\/types\/product"}],"wp:featuredmedia":[{"embeddable":true,"href":"https:\/\/alarma-sin-cuotas.alarm-kit.com\/fr_fr\/wp-json\/wp\/v2\/media\/2889"}],"wp:attachment":[{"href":"https:\/\/alarma-sin-cuotas.alarm-kit.com\/fr_fr\/wp-json\/wp\/v2\/media?parent=1199"}],"wp:term":[{"taxonomy":"product_brand","embeddable":true,"href":"https:\/\/alarma-sin-cuotas.alarm-kit.com\/fr_fr\/wp-json\/wp\/v2\/product_brand?post=1199"},{"taxonomy":"product_cat","embeddable":true,"href":"https:\/\/alarma-sin-cuotas.alarm-kit.com\/fr_fr\/wp-json\/wp\/v2\/product_cat?post=1199"},{"taxonomy":"product_tag","embeddable":true,"href":"https:\/\/alarma-sin-cuotas.alarm-kit.com\/fr_fr\/wp-json\/wp\/v2\/product_tag?post=1199"}],"curies":[{"name":"wp","href":"https:\/\/api.w.org\/{rel}","templated":true}]}}